{"id":133,"date":"2015-09-01T11:09:11","date_gmt":"2015-09-01T11:09:11","guid":{"rendered":"http:\/\/katzundco.koeln\/?page_id=133"},"modified":"2025-08-20T10:51:14","modified_gmt":"2025-08-20T10:51:14","slug":"aktuelles","status":"publish","type":"page","link":"https:\/\/katzundco.koeln\/?page_id=133","title":{"rendered":"Aktuelles"},"content":{"rendered":"<p>Urlaubszeiten 2025 in denen die Pension geschlossen ist:<\/p>\n<p>01.12. &#8211; 06.01.2026<\/p>\n<p>Urlaubszeiten 2026 in denen die Pension geschlossen ist:<\/p>\n<p>02.03.-26.03.2026<\/p>\n<p>11.05.-14.06.2026<\/p>\n<p>10.08.-29.10.2026<\/p>\n<p>01.12.-06.01.2027<\/p>\n<p>Kosten f\u00fcr die Betreuung von Haustieren sind als haushaltsnahe Dienstleistungen steuerlich absetzbar, laut Urteil vom 4. Februar 2015 (Az.: 15 K 1779\/14 E) des Finanzgerichts D\u00fcsseldorf.<\/p>\n<p>Dies gilt leider nur f\u00fcr f\u00fcr die mobile Betreuung zu Hause und nicht f\u00fcr die Betreuung in der Pension.<\/p>\n","protected":false},"excerpt":{"rendered":"<p>Urlaubszeiten 2025 in denen die Pension geschlossen ist: 01.12. &#8211; 06.01.2026 Urlaubszeiten 2026 in denen die Pension geschlossen ist: 02.03.-26.03.2026 11.05.-14.06.2026 10.08.-29.10.2026 01.12.-06.01.2027 Kosten f\u00fcr die Betreuung von Haustieren sind als haushaltsnahe Dienstleistungen steuerlich absetzbar, laut Urteil vom 4. Februar 2015 (Az.: 15 K 1779\/14 E) des Finanzgerichts D\u00fcsseldorf. Dies gilt leider nur f\u00fcr f\u00fcr &#8230; <a title=\"Aktuelles\" class=\"read-more\" href=\"https:\/\/katzundco.koeln\/?page_id=133\" aria-label=\"Mehr Informationen \u00fcber Aktuelles\">Weiterlesen<\/a><\/p>\n","protected":false},"author":1,"featured_media":0,"parent":0,"menu_order":0,"comment_status":"closed","ping_status":"closed","template":"","meta":{"footnotes":""},"_links":{"self":[{"href":"https:\/\/katzundco.koeln\/index.php?rest_route=\/wp\/v2\/pages\/133"}],"collection":[{"href":"https:\/\/katzundco.koeln\/index.php?rest_route=\/wp\/v2\/pages"}],"about":[{"href":"https:\/\/katzundco.koeln\/index.php?rest_route=\/wp\/v2\/types\/page"}],"author":[{"embeddable":true,"href":"https:\/\/katzundco.koeln\/index.php?rest_route=\/wp\/v2\/users\/1"}],"replies":[{"embeddable":true,"href":"https:\/\/katzundco.koeln\/index.php?rest_route=%2Fwp%2Fv2%2Fcomments&post=133"}],"version-history":[{"count":22,"href":"https:\/\/katzundco.koeln\/index.php?rest_route=\/wp\/v2\/pages\/133\/revisions"}],"predecessor-version":[{"id":432,"href":"https:\/\/katzundco.koeln\/index.php?rest_route=\/wp\/v2\/pages\/133\/revisions\/432"}],"wp:attachment":[{"href":"https:\/\/katzundco.koeln\/index.php?rest_route=%2Fwp%2Fv2%2Fmedia&parent=133"}],"curies":[{"name":"wp","href":"https:\/\/api.w.org\/{rel}","templated":true}]}}