{"id":2,"date":"2014-11-21T04:51:49","date_gmt":"2014-11-21T04:51:49","guid":{"rendered":"http:\/\/localhost\/wordpress-4.0.1\/wordpress\/?page_id=2"},"modified":"2022-02-17T16:02:15","modified_gmt":"2022-02-17T16:02:15","slug":"sample-page","status":"publish","type":"page","link":"https:\/\/katzundco.koeln\/","title":{"rendered":"Willkommen"},"content":{"rendered":"<p><a href=\"https:\/\/katzundco.koeln\/wp-content\/uploads\/2014\/11\/Heidi_Portrait.jpg\"><img loading=\"lazy\" decoding=\"async\" class=\" wp-image-129 alignleft\" src=\"https:\/\/katzundco.koeln\/wp-content\/uploads\/2014\/11\/Heidi_Portrait-300x289.jpg\" alt=\"Heidi_Portrait\" width=\"256\" height=\"246\" srcset=\"https:\/\/katzundco.koeln\/wp-content\/uploads\/2014\/11\/Heidi_Portrait-300x289.jpg 300w, https:\/\/katzundco.koeln\/wp-content\/uploads\/2014\/11\/Heidi_Portrait-1024x988.jpg 1024w, https:\/\/katzundco.koeln\/wp-content\/uploads\/2014\/11\/Heidi_Portrait.jpg 1510w\" sizes=\"(max-width: 256px) 100vw, 256px\" \/><\/a>Mein Name ist Heidi Fischer und ich habe im Sommer 2015 einen selbstst\u00e4ndigen Haustierbetreuungs Service gegr\u00fcndet. Ich m\u00f6chte damit in genau dem Bereich t\u00e4tig sein, der mir Freude bereitet und meinen G\u00e4sten und Kunden hoffentlich auch.<\/p>\n<p>Jeder Tierbesitzer kennt es: Man freut sich auf den langersehnten Urlaub und gleichzeitig plagt einen das schlechte Gewissen um den kleinen Liebling. Oder in Krankheitsf\u00e4llen, wenn die Sorge um die eigene Gesundheit ohnehin schon soviel Platz einnimmt. Da m\u00f6chte ich Abhilfe schaffen! Ich komme entweder zu Ihnen nach Hause und betreue Ihr Tier in gewohnter Umgebung oder Sie geben mir Ihre Katze oder Nager in Pension. Das Veterin\u00e4ramt hat die R\u00e4umlichkeiten begutachtet und mir die Erlaubnis erteilt, gewerbsm\u00e4\u00dfig Katzen und Kleinnager in Form einer Tier-Pension zu halten.<\/p>\n<p>Zu den Voraussetzungen f\u00fcr den Betrieb einer Katzen-Pension geh\u00f6rt nicht nur allein die Liebe zum Tier, sondern auch Wissen und Sachverstand \u00fcber artgerechte Haltung, Physiologie und Psychologie der Katze. Durch meine praktische Ausbildung zur Biologielaborantin in der Firma Dr. Madaus &amp; Co. erhielt ich umfangreiches, fundiertes Wissen \u00fcber Tierphysiologie, Ern\u00e4hrung, Haltung und Zucht verschiedenster Tiere. Jeweils 3 Monate Tierpflege in der\u00a0 hauseigenen Hundezucht sowie Nager und Katzenhaltung geh\u00f6rten mit zur Ausbildung. Anschlie\u00dfend war ich 5 Jahre in der Pharmakologie t\u00e4tig. Nach der\u00a0 Familienpause arbeitete ich 17 Jahre lang in einem akkreditierten diagnostischen Labor, in der Zytogenetik. Kompetenz und Genauigkeit waren dabei unerl\u00e4sslich.\u00a0 Routinierte Verfahrensweisen, Umgang mit Desinfektionspl\u00e4nen und Hygiene sind durch die Akkreditierung Standard geworden. Daher sind mir feste Abl\u00e4ufe f\u00fcr die Bek\u00e4mpfung von Bakterien oder anderer Erreger vertraut.<\/p>\n<p>Auch privat haben mich immer Katzen begleitet. Kaninchen, Meerschweinchen und andere Tiere waren ebenfalls viele Jahre in unserer Familie. Zur Zeit leben mit uns im Haus: Milla, eine Border Collie Dame, die 2015 geboren ist und alle G\u00e4ste lautstark begr\u00fc\u00dft, sowie Lulu, eine Tigerkatze, die 2016 geboren ist.<\/p>\n<p>Zur Best\u00e4tigung meiner Kompetenz und Sachkunde habe ich im Oktober 2014 am Lehrgang und der Pr\u00fcfung zum Sachkundenachweis Katzenhaltung nach \u00a7 11 TierSchG an der K\u00f6lner Hunde- Akademie teilgenommen und bestanden.<\/p>\n<p>Doch auch die kleinen Nager kommen nicht zu kurz. Im April 2015 schloss ich an derselben Akademie den Sachkundelehrgang f\u00fcr Kleins\u00e4ugerhaltung nach \u00a7 11 TierSchG mit anschlie\u00dfender Pr\u00fcfung ab.<\/p>\n<p>Die Lehrg\u00e4nge an der K\u00f6lner Hunde Akademie sind vom Veterin\u00e4ramt der Stadt K\u00f6ln anerkannt.<\/p>\n<p>Seit M\u00e4rz 2015 habe ich ein Fernstudium an der Akademie f\u00fcr Tiernaturheilkunde in der Schweiz \u00a0zum Tierheilpraktiker (Schwerpunkt Hom\u00f6opathie und Tierpsychologie) absolviert. Damit m\u00f6chte ich im Umgang mit den Tieren noch genauer deren Eigenarten und eventuelle Verhaltensauff\u00e4lligkeiten erkennen und darauf entsprechend reagieren k\u00f6nnen.<\/p>\n<p>Im Februar 2016 legte\u00a0ich die Pr\u00fcfung in Tierpsychologie Schwerpunkt Katze\u00a0ab und kann nun Verhaltensberatung anbieten.<\/p>\n<p>Im September 2017 bestand ich die Pr\u00fcfung in Tierhom\u00f6opathie. Das Fernstudium ist damit erfolgreich beendet und ich werde mich nun tiefer in die Hom\u00f6opathie einarbeiten, um auch bei Krankheiten kompetent helfen oder beraten zu k\u00f6nnen.<\/p>\n","protected":false},"excerpt":{"rendered":"<p>Mein Name ist Heidi Fischer und ich habe im Sommer 2015 einen selbstst\u00e4ndigen Haustierbetreuungs Service gegr\u00fcndet. Ich m\u00f6chte damit in genau dem Bereich t\u00e4tig sein, der mir Freude bereitet und meinen G\u00e4sten und Kunden hoffentlich auch. Jeder Tierbesitzer kennt es: Man freut sich auf den langersehnten Urlaub und gleichzeitig plagt einen das schlechte Gewissen um &#8230; <a title=\"Willkommen\" class=\"read-more\" href=\"https:\/\/katzundco.koeln\/\" aria-label=\"Mehr Informationen \u00fcber Willkommen\">Weiterlesen<\/a><\/p>\n","protected":false},"author":1,"featured_media":64,"parent":0,"menu_order":0,"comment_status":"closed","ping_status":"open","template":"","meta":{"footnotes":""},"_links":{"self":[{"href":"https:\/\/katzundco.koeln\/index.php?rest_route=\/wp\/v2\/pages\/2"}],"collection":[{"href":"https:\/\/katzundco.koeln\/index.php?rest_route=\/wp\/v2\/pages"}],"about":[{"href":"https:\/\/katzundco.koeln\/index.php?rest_route=\/wp\/v2\/types\/page"}],"author":[{"embeddable":true,"href":"https:\/\/katzundco.koeln\/index.php?rest_route=\/wp\/v2\/users\/1"}],"replies":[{"embeddable":true,"href":"https:\/\/katzundco.koeln\/index.php?rest_route=%2Fwp%2Fv2%2Fcomments&post=2"}],"version-history":[{"count":25,"href":"https:\/\/katzundco.koeln\/index.php?rest_route=\/wp\/v2\/pages\/2\/revisions"}],"predecessor-version":[{"id":396,"href":"https:\/\/katzundco.koeln\/index.php?rest_route=\/wp\/v2\/pages\/2\/revisions\/396"}],"wp:featuredmedia":[{"embeddable":true,"href":"https:\/\/katzundco.koeln\/index.php?rest_route=\/wp\/v2\/media\/64"}],"wp:attachment":[{"href":"https:\/\/katzundco.koeln\/index.php?rest_route=%2Fwp%2Fv2%2Fmedia&parent=2"}],"curies":[{"name":"wp","href":"https:\/\/api.w.org\/{rel}","templated":true}]}}