{"id":355,"date":"2018-05-21T14:47:48","date_gmt":"2018-05-21T14:47:48","guid":{"rendered":"http:\/\/katzundco.koeln\/?page_id=355"},"modified":"2018-05-21T14:52:16","modified_gmt":"2018-05-21T14:52:16","slug":"datenschutz","status":"publish","type":"page","link":"https:\/\/katzundco.koeln\/?page_id=355","title":{"rendered":"Datenschutz"},"content":{"rendered":"<p><strong>Datenschutzerkl\u00e4rung<\/strong><\/p>\n<p>Verantwortlich im Sinne der Datenschutzgesetzes:<br \/>\nKatz &amp; Co.<br \/>\nHilgener Str. 8<br \/>\n51067 K\u00f6ln<\/p>\n<p><strong>Erfassung von Daten<\/strong><br \/>\nW\u00e4hrend Sie auf unsere Webseiten zugreifen, erfassen wir automatisch Daten von allgemeiner<br \/>\nNatur. Diese Daten (Server-Logfiles) umfassen zum Beispiel die Art ihres Browsers, ihr<br \/>\nBetriebssystem, den Domainnamen Ihres Internetanbieters sowie weitere \u00e4hnliche allgemeine<br \/>\nDaten. Diese Daten sind absolut Personen unabh\u00e4ngig und werden genutzt, um Ihnen die<br \/>\nWebseiten korrekt darzustellen und werden bei jeder Nutzung des Internets abgerufen. Die<br \/>\nabsolut anonymen Daten werden statistisch ausgewertet um unseren Service fu\u0308r Sie zu<br \/>\nverbessern.<\/p>\n<p><strong>Kontaktformular<\/strong><br \/>\nWenn Sie uns u\u0308ber unsere Kontaktseite kontaktieren oder uns eine E-Mail schicken werden die<br \/>\nentsprechenden Daten zur Bearbeitung gespeichert.<\/p>\n<p><strong>L\u00f6schung oder Sperrung von Daten<\/strong><br \/>\nIhre pers\u00f6nlichen Daten werden nur so lange gespeichert, wie dies absolut notwendig ist um die<br \/>\nangegebenen Dienste zu leisten und es vom Gesetz vorgeschrieben ist. Nach Ablauf dieser<br \/>\nFristen werden die pers\u00f6nlichen Daten der Nutzer regelm\u00e4\u00dfig gesperrt oder gel\u00f6scht.<\/p>\n<p><strong>Google Analytics<\/strong><br \/>\nUnsere Webseite nutzt Google Analytics, den Webanalysedienst der Google Inc. (\u201eGoogle\u201c).<br \/>\nGoogle Analytics nutzt \u201eCookies\u201c, kleine Textdateien, die auf Ihrem Rechner gespeichert werden<br \/>\nund Daten zur Nutzung unserer Webseite speichern. Die vom Cookie erzeugten Daten u\u0308ber die<br \/>\nNutzung unserer Webseite werden an einen Google Server in die USA u\u0308bertragen und<br \/>\ngespeichert. Da auf unseren Webseiten eine IP-Anonymisierung aktiviert ist, wird Ihre IP-Adresse<br \/>\nvon Google geku\u0308rzt. Dies gilt fu\u0308r Mitgliedstaaten der Europ\u00e4ischen Union und anderen<br \/>\nVertragsstaaten des Abkommens u\u0308ber den Europ\u00e4ischen Wirtschaftsraum. In seltenen F\u00e4llen<br \/>\nkann es vorkommen, dass die volle IP-Adresse an einen Google Server in den USA u\u0308bertragen<br \/>\nund erst dort geku\u0308rzt wird. Google nutzt diese Informationen um Ihre Nutzung unserer Webseite<br \/>\nauszuwerten, um fu\u0308r uns Berichte u\u0308ber die Nutzung der Webseite zusammenzustellen und um<br \/>\nweitere statistische Daten zu erheben. Ihre IP-Adresse wird dabei niemals mit anderen auf Google<br \/>\ngespeicherten Daten zusammengefu\u0308hrt. Die Verwendung von Cookies kann durch eine<br \/>\nEinstellung in ihrem Browser verboten werden; dies kann jedoch unter Umst\u00e4nden die Funktion<br \/>\nunserer Webseite beeintr\u00e4chtigen. Mittels eines speziellen Zusatzprogramms fu\u0308r ihren Browser<br \/>\n(Add On) k\u00f6nnen Sie die Sammlung von Daten durch Google Analytics desaktivieren.<\/p>\n<p><strong>Cookies<\/strong><br \/>\nUnsere Webseite verwendet \u201eCookies\u201c. Cookies sind Textdateien, die vom Server einer Webseite<br \/>\nauf Ihren Rechner u\u0308bertragen werden. Bestimmte Daten wie IP-Adresse, Browser, Betriebssystem<br \/>\nund Internet Verbindung werden dabei u\u0308bertragen.<br \/>\nCookies starten keine Programme und u\u0308bertragen keine Viren. Die durch Cookies gesammelten<br \/>\nInformationen dienen dazu, Ihnen die Navigation zu erleichtern und die Anzeige unserer<br \/>\nWebseiten zu optimieren.<\/p>\n<p>Daten, die von uns erfasst werden, werden niemals ohne Ihre Einwilligung an Daten an Dritte<br \/>\nweitergegeben oder mit personenbezogenen Daten verknu\u0308pft.<\/p>\n<p>Die Verwendung von Cookies kann u\u0308ber Einstellungen in ihrem Browser verhindert werden. In den<br \/>\nErl\u00e4uterungen zu Ihrem Internetbrowsers finden Sie Informationen daru\u0308ber, wie man diese<br \/>\nEinstellungen ver\u00e4ndern kann. Einzelne Funktionen unserer Website k\u00f6nnen unter Umst\u00e4nden<br \/>\nnicht richtig funktionieren, wenn die Verwendung von Cookies desaktiviert ist.<\/p>\n<p><strong>Skalierbares Zentrales Messverfahren<\/strong><br \/>\nFu\u0308r die Sammlung statistischer Kennwerte u\u0308ber die Nutzung unserer Dienste nutzen wir das<br \/>\n\u201eSkalierbare Zentrale Messverfahren\u201c (SZM) der INFOnline GmbH https:\/\/www.infonline.de)<br \/>\nDieses Verfahren erhebt anonyme Messwerte. Die SZM- Reichweitenmessung verwendet zur<br \/>\nWiedererkennung von Computersystemen entweder einen Cookie mit der Kennung \u201eioam.de\u201c,<br \/>\n\u201eivwbox.de\u201c, ein LocalStorage Objekt oder eine Signatur, die aus verschiedenen u\u0308bertragenen<br \/>\nInformationen Ihres Web-Browsers erstellt wird. IP-Adressen werden in anonymisierter Form<br \/>\ngenutzt.<\/p>\n<p>Bei der Reichweitenmessung wird der Datenschutz stets beru\u0308cksichtigt. Diese ermittelt statistisch<br \/>\ndie Nutzungsintensit\u00e4t und die Zahl der Nutzer einer Website. Dabei werden einzelne Nutzer nicht<br \/>\nerkannt, die Identit\u00e4t bleibt stets geschu\u0308tzt. Das System versendet keine Werbung.<br \/>\nWeb-Angebote, die zur Informationsgemeinschaft zur Feststellung der Verbreitung von<br \/>\nWerbetr\u00e4gern e.V. (IVW \u2013 https:\/\/www.ivw.eu) geh\u00f6ren oder an der Studie \u201einternet facts\u201c der<br \/>\nArbeitsgemeinschaft Online-Forschung e.V. (AGOF \u2013 www.agof.de) teilnehmen, werden die<br \/>\nNutzungsstatistiken monatlich von der AGOF und der Arbeitsgemeinschaft Media-Analyse e.V.<br \/>\n(ag.ma \u2013 www.agma-mmc.de), sowie der IVW ver\u00f6ffentlicht und k\u00f6nnen unter https:\/\/www.agof.de,<br \/>\nhttps:\/\/www.agma-mmc.de und https:\/\/www.ivw.eu eingesehen werden, pru\u0308fe dies. die IVW u\u0308berpru\u0308ft<br \/>\ndas SZM-Verfahren regelm\u00e4\u00dfig im Hinblick auf eine regel- und datenschutzkonforme Nutzung,<br \/>\nau\u00dferdem werden die Messdaten ver\u00f6ffentlicht.<\/p>\n<p>Die Website der INFOnline GmbH (https:\/\/www.infonline.de), die Datenschutzwebsite der AGOF<br \/>\n(https:\/\/www.agof.de\/datenschutz) und die Datenschutzwebsite der IVW (https:\/\/www.ivw.eu) bieten<br \/>\ndetaillierte Informationen zum SZM-Verfahren.<br \/>\nSollten Sie der Datenverarbeitung durch das SZM nicht entsprechen, k\u00f6nnen Sie dies unter den<br \/>\nfolgenden Links kundtun: https:\/\/optout.ioam.de und https:\/\/optout.ivwbox.de<\/p>\n<p><strong>Auskunft, Berichtigung, Sperre, L\u00f6schung und Widerspruch<\/strong><br \/>\nSie k\u00f6nnen zu jedem Zeitpunkt Informationen u\u0308ber Ihre bei uns gespeicherten Daten erbitten.<br \/>\nDiese k\u00f6nnen auch berichtigt, gesperrt oder, sofern die vorgeschriebene Zeitr\u00e4ume der<br \/>\nDatenspeicherung zur Gesch\u00e4ftsabwicklung abgelaufen sind, gel\u00f6scht werden. Unser<br \/>\nDatenschutzmitarbeiter hilft Ihnen bei allen entsprechenden Fragen. Seine Kontaktdaten finden<br \/>\nSie weiter unten.<\/p>\n<p>Gesperrte Daten werden in einer speziellen Sperrdatei zu Kontrollzwecken verwahrt. Wenn die<br \/>\ngesetzliche Archivierungsverpflichtung abgelaufen ist k\u00f6nnen Sie auch die L\u00f6schung der Daten<br \/>\nverlangen. Innerhalb der Archivierungsverpflichtung k\u00f6nnen wir Ihre Daten auf Wunsch sperren.<br \/>\n\u00c4nderungen oder Widerruf von Einwilligungen k\u00f6nnen durch eine Mitteilung an uns vorgenommen<br \/>\nwerden. Dies ist auch fu\u0308r zuku\u0308nftige Aktionen m\u00f6glich.<\/p>\n<p><strong>\u00c4nderung der Datenschutzbestimmungen<\/strong><br \/>\nUnsere Datenschutzerkl\u00e4rung k\u00f6nnen in unregelm\u00e4\u00dfigen Abst\u00e4nden angepasst werden, damit sie<br \/>\nden aktuellen rechtlichen Anforderungen entsprechen oder um \u00c4nderungen unserer<br \/>\nDienstleistungen umzusetzen, z. B. bei der Einfu\u0308gung neuer Angebote. Fu\u0308r Ihren n\u00e4chsten<br \/>\nBesuch gilt dann automatisch die neue Datenschutzerkl\u00e4rung.<br \/>\nKontakt zum Datenschutzmitarbeiter<\/p>\n<p>Fu\u0308r Fragen zum Datenschutz schicken Sie uns bitte eine Nachricht an info@katzundco.koeln mit<br \/>\ndem Betreff \u201eDatenschutz\u201c.<br \/>\nDiese Widerrufsbelehrung Seite wurde bei <a href=\"https:\/\/www.datenschutzerkl\u00e4runggenerator.de\">datenschutzerkl\u00e4runggenerator.de<\/a> erstellt.<\/p>\n","protected":false},"excerpt":{"rendered":"<p>Datenschutzerkl\u00e4rung Verantwortlich im Sinne der Datenschutzgesetzes: Katz &amp; Co. Hilgener Str. 8 51067 K\u00f6ln Erfassung von Daten W\u00e4hrend Sie auf unsere Webseiten zugreifen, erfassen wir automatisch Daten von allgemeiner Natur. Diese Daten (Server-Logfiles) umfassen zum Beispiel die Art ihres Browsers, ihr Betriebssystem, den Domainnamen Ihres Internetanbieters sowie weitere \u00e4hnliche allgemeine Daten. Diese Daten sind absolut &#8230; <a title=\"Datenschutz\" class=\"read-more\" href=\"https:\/\/katzundco.koeln\/?page_id=355\" aria-label=\"Mehr Informationen \u00fcber Datenschutz\">Weiterlesen<\/a><\/p>\n","protected":false},"author":1,"featured_media":0,"parent":0,"menu_order":0,"comment_status":"closed","ping_status":"closed","template":"","meta":{"footnotes":""},"_links":{"self":[{"href":"https:\/\/katzundco.koeln\/index.php?rest_route=\/wp\/v2\/pages\/355"}],"collection":[{"href":"https:\/\/katzundco.koeln\/index.php?rest_route=\/wp\/v2\/pages"}],"about":[{"href":"https:\/\/katzundco.koeln\/index.php?rest_route=\/wp\/v2\/types\/page"}],"author":[{"embeddable":true,"href":"https:\/\/katzundco.koeln\/index.php?rest_route=\/wp\/v2\/users\/1"}],"replies":[{"embeddable":true,"href":"https:\/\/katzundco.koeln\/index.php?rest_route=%2Fwp%2Fv2%2Fcomments&post=355"}],"version-history":[{"count":2,"href":"https:\/\/katzundco.koeln\/index.php?rest_route=\/wp\/v2\/pages\/355\/revisions"}],"predecessor-version":[{"id":358,"href":"https:\/\/katzundco.koeln\/index.php?rest_route=\/wp\/v2\/pages\/355\/revisions\/358"}],"wp:attachment":[{"href":"https:\/\/katzundco.koeln\/index.php?rest_route=%2Fwp%2Fv2%2Fmedia&parent=355"}],"curies":[{"name":"wp","href":"https:\/\/api.w.org\/{rel}","templated":true}]}}