{"id":52,"date":"2015-08-24T14:16:15","date_gmt":"2015-08-24T14:16:15","guid":{"rendered":"http:\/\/katzundco.koeln\/?page_id=52"},"modified":"2015-09-01T11:05:22","modified_gmt":"2015-09-01T11:05:22","slug":"kleinnager","status":"publish","type":"page","link":"https:\/\/katzundco.koeln\/?page_id=52","title":{"rendered":"Kleinnager"},"content":{"rendered":"<p>Kleinnager setzen sich aus Herbivoren (Pflanzenfressern) und Granivoren (K\u00f6rnerfressern) zusammen. Die Kaninchen und Meerschweinchen geh\u00f6ren zu den Pflanzenfressern und haben daher \u00e4hnliche Nahrungsanspr\u00fcche. Doch nicht nur die anf\u00e4llige Darmflora, sondern auch die st\u00e4ndig nachwachsenden Schneide- und Backenz\u00e4hne sowie der Stopfmagen machen die Tiere empfindlich f\u00fcr Krankheiten. Um dies im Blick zu haben, ist es wichtig die Tiere einmal w\u00f6chentlich zu wiegen, um rechtzeitig reagieren zu k\u00f6nnen. Die K\u00f6rnerfresser, wie Ratte, Rennmaus\u00a0 oder Farbmaus sind deutlich weniger empfindlich. Mit einer Tendenz zum Allesfresser besitzen sie eine hohe Anpassungsf\u00e4higkeit an die Nahrung. Aber auch hier bietet nur eine w\u00f6chentliche Gewichts\u00fcberpr\u00fcfung Sicherheit.<\/p>\n<p>Die Kontrolle von Augen, Nase, Maul, Atmung, Fell und Po, sowie Aktivit\u00e4t bei den ganz Kleinen findet bei der t\u00e4glichen Reinigung der Trinkn\u00e4pfe bzw.\u00a0 Nippeltr\u00e4nken statt. Au\u00dferdem wird Welkes und Feuchtes vom Frischfutter entfernt. In den Gehegen werden die Kot- und Harnecken mehrmals w\u00f6chentlich\u00a0 gereinigt und das komplette Streu je nach Bedarf gewechselt. Es stehen ger\u00e4umige Au\u00dfengehege, die ein- und ausbruchssicher sind zu Verf\u00fcgung. K\u00e4fige k\u00f6nnen\u00a0 au\u00dfen sowie innen versorgt werden.<\/p>\n","protected":false},"excerpt":{"rendered":"<p>Kleinnager setzen sich aus Herbivoren (Pflanzenfressern) und Granivoren (K\u00f6rnerfressern) zusammen. Die Kaninchen und Meerschweinchen geh\u00f6ren zu den Pflanzenfressern und haben daher \u00e4hnliche Nahrungsanspr\u00fcche. Doch nicht nur die anf\u00e4llige Darmflora, sondern auch die st\u00e4ndig nachwachsenden Schneide- und Backenz\u00e4hne sowie der Stopfmagen machen die Tiere empfindlich f\u00fcr Krankheiten. Um dies im Blick zu haben, ist es wichtig &#8230; <a title=\"Kleinnager\" class=\"read-more\" href=\"https:\/\/katzundco.koeln\/?page_id=52\" aria-label=\"Mehr Informationen \u00fcber Kleinnager\">Weiterlesen<\/a><\/p>\n","protected":false},"author":1,"featured_media":132,"parent":0,"menu_order":0,"comment_status":"closed","ping_status":"closed","template":"","meta":{"footnotes":""},"_links":{"self":[{"href":"https:\/\/katzundco.koeln\/index.php?rest_route=\/wp\/v2\/pages\/52"}],"collection":[{"href":"https:\/\/katzundco.koeln\/index.php?rest_route=\/wp\/v2\/pages"}],"about":[{"href":"https:\/\/katzundco.koeln\/index.php?rest_route=\/wp\/v2\/types\/page"}],"author":[{"embeddable":true,"href":"https:\/\/katzundco.koeln\/index.php?rest_route=\/wp\/v2\/users\/1"}],"replies":[{"embeddable":true,"href":"https:\/\/katzundco.koeln\/index.php?rest_route=%2Fwp%2Fv2%2Fcomments&post=52"}],"version-history":[{"count":1,"href":"https:\/\/katzundco.koeln\/index.php?rest_route=\/wp\/v2\/pages\/52\/revisions"}],"predecessor-version":[{"id":53,"href":"https:\/\/katzundco.koeln\/index.php?rest_route=\/wp\/v2\/pages\/52\/revisions\/53"}],"wp:featuredmedia":[{"embeddable":true,"href":"https:\/\/katzundco.koeln\/index.php?rest_route=\/wp\/v2\/media\/132"}],"wp:attachment":[{"href":"https:\/\/katzundco.koeln\/index.php?rest_route=%2Fwp%2Fv2%2Fmedia&parent=52"}],"curies":[{"name":"wp","href":"https:\/\/api.w.org\/{rel}","templated":true}]}}