{"id":55,"date":"2015-08-24T14:19:24","date_gmt":"2015-08-24T14:19:24","guid":{"rendered":"http:\/\/katzundco.koeln\/?page_id=55"},"modified":"2022-02-17T16:03:35","modified_gmt":"2022-02-17T16:03:35","slug":"angebot","status":"publish","type":"page","link":"https:\/\/katzundco.koeln\/?page_id=55","title":{"rendered":"Angebot"},"content":{"rendered":"<p><strong>Katzen-Pension<\/strong><br \/>\n\u2022\u00a0\u00a0 \u00a0mit \u00dcbernachtungsservice Futter und Katzenstreu inklusive (ausgenommen Spezialfutter)<br \/>\n\u2022\u00a0\u00a0 \u00a0Medikamentengabe<br \/>\n\u2022\u00a0\u00a0 \u00a0Fellpflege<br \/>\n\u2022\u00a0\u00a0 \u00a0t\u00e4glich \u00e4nderndes Spielangebot<br \/>\n\u2022\u00a0\u00a0 \u00a0Streicheleinheiten<br \/>\n\u2022\u00a0\u00a0 \u00a0Musik<\/p>\n<p><strong>Nager-Pension<\/strong><br \/>\n\u2022\u00a0\u00a0 \u00a0Aus- und einbruchsicheres Gehege<br \/>\n\u2022\u00a0\u00a0 \u00a0K\u00e4fighaltung innen und au\u00dfen inklusive Stroh, Heu, Frisch- und K\u00f6rnerfutter<\/p>\n<p><strong>Mobile Haustierbetreuung<\/strong><br \/>\n\u2022\u00a0\u00a0 \u00a0vor Ort beim Kunden zu Hause<br \/>\n\u2022\u00a0\u00a0 \u00a0Katzen: f\u00fcttern, frisches Wasser, Katzenklo reinigen, spielen, Fellpflege, evtl. Medikamentengabe<br \/>\n\u2022\u00a0\u00a0 \u00a0Kleintiere: f\u00fcttern, frisches Wasser, K\u00e4figreinigung, Pflege je nach Bedarf<\/p>\n<p><strong>Hol- und Bringservice<\/strong><br \/>\n\u2022\u00a0\u00a0 \u00a0Stressfreie Abholung vor Urlaubsbeginn sowie R\u00fccktransport<\/p>\n<p><strong>Tierarztservice<\/strong><br \/>\n\u2022\u00a0\u00a0 \u00a0Begleiteter Tierarztbesuch sowie je nach Bedarf anschlie\u00dfende Betreuung<\/p>\n<p><strong>Housekeeping<\/strong><br \/>\n\u2022\u00a0\u00a0 \u00a0Briefkasten leeren<br \/>\n\u2022\u00a0\u00a0 \u00a0Pflanzen gie\u00dfen<br \/>\n\u2022\u00a0\u00a0 \u00a0Rollladen, Licht, M\u00fclltonnen Service<\/p>\n<p><strong>Eine stressfreie, kompetente Rundum-Betreuung f\u00fcr Ihr Tier.<\/strong><\/p>\n","protected":false},"excerpt":{"rendered":"<p>Katzen-Pension \u2022\u00a0\u00a0 \u00a0mit \u00dcbernachtungsservice Futter und Katzenstreu inklusive (ausgenommen Spezialfutter) \u2022\u00a0\u00a0 \u00a0Medikamentengabe \u2022\u00a0\u00a0 \u00a0Fellpflege \u2022\u00a0\u00a0 \u00a0t\u00e4glich \u00e4nderndes Spielangebot \u2022\u00a0\u00a0 \u00a0Streicheleinheiten \u2022\u00a0\u00a0 \u00a0Musik Nager-Pension \u2022\u00a0\u00a0 \u00a0Aus- und einbruchsicheres Gehege \u2022\u00a0\u00a0 \u00a0K\u00e4fighaltung innen und au\u00dfen inklusive Stroh, Heu, Frisch- und K\u00f6rnerfutter Mobile Haustierbetreuung \u2022\u00a0\u00a0 \u00a0vor Ort beim Kunden zu Hause \u2022\u00a0\u00a0 \u00a0Katzen: f\u00fcttern, frisches Wasser, Katzenklo reinigen, &#8230; <a title=\"Angebot\" class=\"read-more\" href=\"https:\/\/katzundco.koeln\/?page_id=55\" aria-label=\"Mehr Informationen \u00fcber Angebot\">Weiterlesen<\/a><\/p>\n","protected":false},"author":1,"featured_media":62,"parent":0,"menu_order":0,"comment_status":"closed","ping_status":"closed","template":"","meta":{"footnotes":""},"_links":{"self":[{"href":"https:\/\/katzundco.koeln\/index.php?rest_route=\/wp\/v2\/pages\/55"}],"collection":[{"href":"https:\/\/katzundco.koeln\/index.php?rest_route=\/wp\/v2\/pages"}],"about":[{"href":"https:\/\/katzundco.koeln\/index.php?rest_route=\/wp\/v2\/types\/page"}],"author":[{"embeddable":true,"href":"https:\/\/katzundco.koeln\/index.php?rest_route=\/wp\/v2\/users\/1"}],"replies":[{"embeddable":true,"href":"https:\/\/katzundco.koeln\/index.php?rest_route=%2Fwp%2Fv2%2Fcomments&post=55"}],"version-history":[{"count":6,"href":"https:\/\/katzundco.koeln\/index.php?rest_route=\/wp\/v2\/pages\/55\/revisions"}],"predecessor-version":[{"id":435,"href":"https:\/\/katzundco.koeln\/index.php?rest_route=\/wp\/v2\/pages\/55\/revisions\/435"}],"wp:featuredmedia":[{"embeddable":true,"href":"https:\/\/katzundco.koeln\/index.php?rest_route=\/wp\/v2\/media\/62"}],"wp:attachment":[{"href":"https:\/\/katzundco.koeln\/index.php?rest_route=%2Fwp%2Fv2%2Fmedia&parent=55"}],"curies":[{"name":"wp","href":"https:\/\/api.w.org\/{rel}","templated":true}]}}