{"id":67,"date":"2015-08-24T14:40:05","date_gmt":"2015-08-24T14:40:05","guid":{"rendered":"http:\/\/katzundco.koeln\/?page_id=67"},"modified":"2015-08-24T15:41:38","modified_gmt":"2015-08-24T15:41:38","slug":"kontakt","status":"publish","type":"page","link":"https:\/\/katzundco.koeln\/?page_id=67","title":{"rendered":"Kontakt | Impressum"},"content":{"rendered":"<p>Heidi Fischer<br \/>\nHilgener Str. 8\u00a0 |\u00a0 51067 K\u00f6ln<br \/>\nTelefon \u00a0\u00a0 \u00a00221 968 965 04<br \/>\nMobil\u00a0\u00a0 \u00a0\u00a0\u00a0\u00a0 0178 357 70 44<br \/>\nMail\u00a0\u00a0 \u00a0\u00a0\u00a0\u00a0\u00a0\u00a0 <a href=\"mailto:info@katzundco.koeln\">info@katzundco.koeln<\/a><br \/>\nwww.katzundco.koeln<\/p>\n<p>Bankverbindung:<br \/>\nSparkasse K\u00f6lnBonn<br \/>\nIBAN: DE88 3705 0198 1932 6576 77<\/p>\n<p>Steuernummer:<br \/>\n218\/5061\/3902<\/p>\n<p>Haftungshinweis: Trotz sorgf\u00e4ltiger inhaltlicher Kontrolle \u00fcbernehme ich keine Haftung f\u00fcr die Inhalte externer Links. F\u00fcr den Inhalt der verlinkten Seiten sind ausschlie\u00dflich deren Betreiber verantwortlich.<\/p>\n<p>&nbsp;<\/p>\n<h6>erstellt durch: Sebastian Weiler Grafik &amp; Werbung \u2013 <a href=\"https:\/\/www.haawei-net.de\/seb\">www.haawei-net.de<\/a><\/h6>\n","protected":false},"excerpt":{"rendered":"<p>Heidi Fischer Hilgener Str. 8\u00a0 |\u00a0 51067 K\u00f6ln Telefon \u00a0\u00a0 \u00a00221 968 965 04 Mobil\u00a0\u00a0 \u00a0\u00a0\u00a0\u00a0 0178 357 70 44 Mail\u00a0\u00a0 \u00a0\u00a0\u00a0\u00a0\u00a0\u00a0 info@katzundco.koeln www.katzundco.koeln Bankverbindung: Sparkasse K\u00f6lnBonn IBAN: DE88 3705 0198 1932 6576 77 Steuernummer: 218\/5061\/3902 Haftungshinweis: Trotz sorgf\u00e4ltiger inhaltlicher Kontrolle \u00fcbernehme ich keine Haftung f\u00fcr die Inhalte externer Links. F\u00fcr den Inhalt der verlinkten &#8230; <a title=\"Kontakt | Impressum\" class=\"read-more\" href=\"https:\/\/katzundco.koeln\/?page_id=67\" aria-label=\"Mehr Informationen \u00fcber Kontakt | Impressum\">Weiterlesen<\/a><\/p>\n","protected":false},"author":1,"featured_media":61,"parent":0,"menu_order":0,"comment_status":"closed","ping_status":"closed","template":"","meta":{"footnotes":""},"_links":{"self":[{"href":"https:\/\/katzundco.koeln\/index.php?rest_route=\/wp\/v2\/pages\/67"}],"collection":[{"href":"https:\/\/katzundco.koeln\/index.php?rest_route=\/wp\/v2\/pages"}],"about":[{"href":"https:\/\/katzundco.koeln\/index.php?rest_route=\/wp\/v2\/types\/page"}],"author":[{"embeddable":true,"href":"https:\/\/katzundco.koeln\/index.php?rest_route=\/wp\/v2\/users\/1"}],"replies":[{"embeddable":true,"href":"https:\/\/katzundco.koeln\/index.php?rest_route=%2Fwp%2Fv2%2Fcomments&post=67"}],"version-history":[{"count":6,"href":"https:\/\/katzundco.koeln\/index.php?rest_route=\/wp\/v2\/pages\/67\/revisions"}],"predecessor-version":[{"id":83,"href":"https:\/\/katzundco.koeln\/index.php?rest_route=\/wp\/v2\/pages\/67\/revisions\/83"}],"wp:featuredmedia":[{"embeddable":true,"href":"https:\/\/katzundco.koeln\/index.php?rest_route=\/wp\/v2\/media\/61"}],"wp:attachment":[{"href":"https:\/\/katzundco.koeln\/index.php?rest_route=%2Fwp%2Fv2%2Fmedia&parent=67"}],"curies":[{"name":"wp","href":"https:\/\/api.w.org\/{rel}","templated":true}]}}